{"id":432,"date":"2022-06-20T10:45:26","date_gmt":"2022-06-20T15:45:26","guid":{"rendered":"http:\/\/hidalgomultiservices.five.zysites.com\/about-us\/"},"modified":"2024-12-05T05:17:06","modified_gmt":"2024-12-05T11:17:06","slug":"about-us","status":"publish","type":"page","link":"https:\/\/www.hidalgomultiservices.net\/es\/about-us\/","title":{"rendered":"Acerca de nosotros"},"content":{"rendered":"<p>Fundada a principios de los a\u00f1os 2000, Hidalgo Insurance es un proveedor de seguros l\u00edder que presta servicios en el \u00e1rea metropolitana de Houston. Ofrecemos una amplia gama de productos de seguros personales, comerciales y de vida\/salud dise\u00f1ados para satisfacer las necesidades \u00fanicas de nuestros clientes.<\/p>\n<p>Nuestro equipo de profesionales de seguros con experiencia y licencia trabaja en estrecha colaboraci\u00f3n con cada cliente para evaluar cuidadosamente sus riesgos y dise\u00f1ar el plan de cobertura \u00f3ptimo. Ya sea que est\u00e9 buscando un seguro de autom\u00f3vil, hogar, negocio o vida, tenemos la experiencia para garantizar que reciba la protecci\u00f3n que se merece.<\/p>\n<p>Hidalgo se compromete a construir relaciones a largo plazo con nuestros clientes. Nos enorgullecemos de nuestra comunicaci\u00f3n receptiva, precios transparentes y un enfoque centrado en el cliente. Nuestro objetivo es hacer que el proceso de seguro sea sencillo y sin estr\u00e9s, para que pueda tener la tranquilidad de saber que sus activos m\u00e1s valiosos est\u00e1n protegidos.<\/p>\n<p>Comun\u00edquese con nosotros hoy para analizar sus necesidades de seguros y conocer c\u00f3mo Hidalgo puede ayudarlo a usted y a su empresa o familia a mantenerse protegidos.<\/p>\n","protected":false},"excerpt":{"rendered":"<p>Fundada a principios de los a\u00f1os 2000, Hidalgo Insurance es un proveedor de seguros l\u00edder que presta servicios en el \u00e1rea metropolitana de Houston. Ofrecemos una amplia gama de productos de seguros personales, comerciales y de vida\/salud dise\u00f1ados para satisfacer las necesidades \u00fanicas de nuestros clientes. Nuestro equipo de profesionales de seguros con experiencia y [&hellip;]<\/p>\n","protected":false},"author":69,"featured_media":0,"parent":0,"menu_order":0,"comment_status":"closed","ping_status":"closed","template":"","meta":{"_acf_changed":false,"_seopress_robots_primary_cat":"0","_seopress_titles_title":"","_seopress_titles_desc":"","_seopress_robots_index":"","_analytify_skip_tracking":false,"footnotes":""},"class_list":["post-432","page","type-page","status-publish","hentry"],"acf":[],"_links":{"self":[{"href":"https:\/\/www.hidalgomultiservices.net\/es\/wp-json\/wp\/v2\/pages\/432","targetHints":{"allow":["GET"]}}],"collection":[{"href":"https:\/\/www.hidalgomultiservices.net\/es\/wp-json\/wp\/v2\/pages"}],"about":[{"href":"https:\/\/www.hidalgomultiservices.net\/es\/wp-json\/wp\/v2\/types\/page"}],"author":[{"embeddable":true,"href":"https:\/\/www.hidalgomultiservices.net\/es\/wp-json\/wp\/v2\/users\/69"}],"replies":[{"embeddable":true,"href":"https:\/\/www.hidalgomultiservices.net\/es\/wp-json\/wp\/v2\/comments?post=432"}],"version-history":[{"count":0,"href":"https:\/\/www.hidalgomultiservices.net\/es\/wp-json\/wp\/v2\/pages\/432\/revisions"}],"wp:attachment":[{"href":"https:\/\/www.hidalgomultiservices.net\/es\/wp-json\/wp\/v2\/media?parent=432"}],"curies":[{"name":"wp","href":"https:\/\/api.w.org\/{rel}","templated":true}]}}